{"id":2106,"date":"2023-11-22T12:25:11","date_gmt":"2023-11-22T11:25:11","guid":{"rendered":"https:\/\/steveventures.de\/?page_id=2106"},"modified":"2024-10-24T11:39:19","modified_gmt":"2024-10-24T10:39:19","slug":"interim-manager-im-vertrieb","status":"publish","type":"page","link":"https:\/\/steveventures.de\/?page_id=2106","title":{"rendered":"Interim Manager im Vertrieb"},"content":{"rendered":"\n<h3 class=\"wp-block-heading has-text-color\" style=\"color:#25620f\"><strong>Typische Aufgabenfelder<\/strong><\/h3>\n\n\n\n<ul class=\"wp-block-list\">\n<li>Leitung der Vertriebsabteilung&nbsp;<\/li>\n\n\n\n<li>Verhandlung von Vertr\u00e4gen mit Schl\u00fcsselkunden<\/li>\n\n\n\n<li>Erschlie\u00dfung neuer Gesch\u00e4ftsbereiche<\/li>\n\n\n\n<li>Umstrukturierung, Fusion und Auslagerung von Vertriebsteams<\/li>\n\n\n\n<li>Entwicklung und Verbesserung von Konditionssystemen&nbsp;<\/li>\n\n\n\n<li>Digitalisierung der Vertriebsbereiche<\/li>\n<\/ul>\n\n\n\n<h3 class=\"wp-block-heading has-text-color\" style=\"color:#25620f\">Sales &amp; Vertrieb<\/h3>\n\n\n\n<h4 class=\"wp-block-heading\">Steigern Sie Ihren Erfolg mit einem Interims-Vertriebsmanager<\/h4>\n\n\n\n<ul class=\"wp-block-list\">\n<li>Der Vertrieb ist eine der grundlegendsten S\u00e4ulen f\u00fcr den Erfolg und die finanzielle Stabilit\u00e4t eines Unternehmens.<\/li>\n\n\n\n<li>Vom operativen Gesch\u00e4ft mit End- oder Gesch\u00e4ftskunden bis hin zur Marktforschung und zum vertriebsorientierten Projektmanagement \u2013 ein Interim Sales Manager kann Ihnen schnell und unkompliziert helfen.<\/li>\n<\/ul>\n\n\n\n<h4 class=\"wp-block-heading\">Qualifizierte Leitung f\u00fcr Ihre Vertriebsmannschaft<\/h4>\n\n\n\n<ul class=\"wp-block-list\">\n<li>Der Vertrieb eines Unternehmens erfordert sowohl fachliche Kompetenzen als auch soziale F\u00e4higkeiten. <\/li>\n\n\n\n<li>Es ist unabdingbar, sowohl Kunden und Interessenten als auch das eigene Vertriebsteam zu analysieren und zu \u00fcberzeugen. <\/li>\n\n\n\n<li>Ein erfahrener Interim-Sales-Manager mit F\u00fchrungskompetenz kann nicht nur bei personellen Engp\u00e4ssen unterst\u00fctzen, sondern auch neue Strategien entwickeln, die zu einem deutlichen Umsatzanstieg f\u00fchren.<\/li>\n<\/ul>\n\n\n\n<h4 class=\"wp-block-heading\">Der passende Interim Sales Manager f\u00fcr Sie<\/h4>\n\n\n\n<ul class=\"wp-block-list\">\n<li>Sie sind auf der Suche nach einem Fachmann f\u00fcr das operative Gesch\u00e4ft, einem internationalen B2B-Experten oder einem Account Manager zur Betreuung wichtiger Bestandskunden? <\/li>\n\n\n\n<li>Dann sind Sie bei mir genau richtig f\u00fcndig geworden.<\/li>\n<\/ul>\n\n\n\n<h3 class=\"wp-block-heading\">1. <strong>Warum ist ein Umbau des Vertriebs manchmal notwendig?<\/strong><\/h3>\n\n\n\n<p>Ein Umbau des Vertriebs ist oft notwendig, um den sich \u00e4ndernden Marktbedingungen, Kundenanforderungen oder technologischen Entwicklungen gerecht zu werden. Wenn das Unternehmen stagniert, der Wettbewerb w\u00e4chst oder die Umsatzziele nicht erreicht werden, kann es hilfreich sein, den Vertriebsprozess zu analysieren und anzupassen. Ein effektiver Umbau kann ineffiziente Strukturen optimieren, die Kundenbindung st\u00e4rken und den Verkaufserfolg langfristig sichern. Oftmals werden neue Technologien, moderne Vertriebsmethoden und eine bessere Abstimmung zwischen Vertrieb und Marketing eingef\u00fchrt, um den Umsatz zu steigern.<\/p>\n\n\n\n<h3 class=\"wp-block-heading\">2. <strong>Welche Schritte sind beim Umbau eines Vertriebs wichtig?<\/strong><\/h3>\n\n\n\n<p>Der Umbau des Vertriebs beginnt mit einer umfassenden Analyse der bestehenden Vertriebsprozesse, -strukturen und -strategien. Es ist wichtig, Engp\u00e4sse zu identifizieren und herauszufinden, wo Optimierungen m\u00f6glich sind. Danach sollten klare Ziele und Ma\u00dfnahmen definiert werden, etwa durch die Einf\u00fchrung neuer Technologien, Schulungen f\u00fcr das Vertriebsteam oder die Implementierung moderner CRM-Systeme. Eine Umstellung auf eine st\u00e4rker kundenorientierte Vertriebsstrategie, die digitale Kan\u00e4le besser nutzt, kann ebenfalls sinnvoll sein. Wichtig ist eine schrittweise Umsetzung und die kontinuierliche \u00dcberpr\u00fcfung der Fortschritte.<\/p>\n\n\n\n<h3 class=\"wp-block-heading\">3. <strong>Wie kann ein Umbau des Vertriebs den Umsatz steigern?<\/strong><\/h3>\n\n\n\n<p>Ein Umbau des Vertriebs bietet die M\u00f6glichkeit, ineffiziente Prozesse zu eliminieren und gezielt Ma\u00dfnahmen zur Umsatzsteigerung einzuleiten. Durch den Einsatz von Vertriebsautomatisierung und verbesserten CRM-Systemen k\u00f6nnen Vertriebsteams effizienter arbeiten und mehr Zeit auf die Kundenpflege und den Abschluss von Gesch\u00e4ften verwenden. Zudem kann die Implementierung einer st\u00e4rkeren digitalen Verkaufsstrategie neue Zielgruppen erschlie\u00dfen und die Reichweite erh\u00f6hen. Auch die Ausrichtung auf datenbasierte Entscheidungen kann dazu beitragen, Verkaufsstrategien gezielter zu steuern und den Vertriebserfolg zu maximieren.<\/p>\n","protected":false},"excerpt":{"rendered":"<div class=\"entry-summary\">\nTypische Aufgabenfelder Sales &amp; Vertrieb Steigern Sie Ihren Erfolg mit einem Interims-Vertriebsmanager&hellip;\n<\/div>\n<div class=\"link-more\"><a href=\"https:\/\/steveventures.de\/?page_id=2106\" class=\"more-link\">Continue reading<span class=\"screen-reader-text\"> &ldquo;Interim Manager im Vertrieb&rdquo;<\/span>&hellip;<\/a><\/div>\n","protected":false},"author":2,"featured_media":0,"parent":0,"menu_order":0,"comment_status":"closed","ping_status":"closed","template":"page-template\/_fullwidth.php","meta":{"footnotes":""},"class_list":["post-2106","page","type-page","status-publish","hentry","entry"],"_links":{"self":[{"href":"https:\/\/steveventures.de\/index.php?rest_route=\/wp\/v2\/pages\/2106","targetHints":{"allow":["GET"]}}],"collection":[{"href":"https:\/\/steveventures.de\/index.php?rest_route=\/wp\/v2\/pages"}],"about":[{"href":"https:\/\/steveventures.de\/index.php?rest_route=\/wp\/v2\/types\/page"}],"author":[{"embeddable":true,"href":"https:\/\/steveventures.de\/index.php?rest_route=\/wp\/v2\/users\/2"}],"replies":[{"embeddable":true,"href":"https:\/\/steveventures.de\/index.php?rest_route=%2Fwp%2Fv2%2Fcomments&post=2106"}],"version-history":[{"count":4,"href":"https:\/\/steveventures.de\/index.php?rest_route=\/wp\/v2\/pages\/2106\/revisions"}],"predecessor-version":[{"id":2244,"href":"https:\/\/steveventures.de\/index.php?rest_route=\/wp\/v2\/pages\/2106\/revisions\/2244"}],"wp:attachment":[{"href":"https:\/\/steveventures.de\/index.php?rest_route=%2Fwp%2Fv2%2Fmedia&parent=2106"}],"curies":[{"name":"wp","href":"https:\/\/api.w.org\/{rel}","templated":true}]}}