{"id":1913,"date":"2023-06-24T09:04:05","date_gmt":"2023-06-24T08:04:05","guid":{"rendered":"https:\/\/steveventures.de\/?page_id=1913"},"modified":"2024-10-24T11:35:23","modified_gmt":"2024-10-24T10:35:23","slug":"skilehrer-bei-der-skischule-tegernsee","status":"publish","type":"page","link":"https:\/\/steveventures.de\/?page_id=1913","title":{"rendered":"Skilehrer bei der Skischule Tegernsee"},"content":{"rendered":"\n<h3 class=\"wp-block-heading has-text-color\" style=\"color:#25620f\"><strong>Skischule Tegernsee<\/strong><\/h3>\n\n\n\n<h3 class=\"wp-block-heading\"><strong>Allgemein<\/strong><\/h3>\n\n\n\n<div class=\"wp-block-columns is-layout-flex wp-container-core-columns-is-layout-9d6595d7 wp-block-columns-is-layout-flex\">\n<div class=\"wp-block-column is-layout-flow wp-block-column-is-layout-flow\" style=\"flex-basis:66.66%\">\n<figure class=\"wp-block-image size-medium is-resized is-style-rounded\"><img loading=\"lazy\" decoding=\"async\" width=\"300\" height=\"199\" src=\"https:\/\/steveventures.de\/wp-content\/uploads\/2023\/06\/Skischule-T-HAng-300x199.jpg\" alt=\"\" class=\"wp-image-1914\" style=\"width:300px;height:199px\" srcset=\"https:\/\/steveventures.de\/wp-content\/uploads\/2023\/06\/Skischule-T-HAng-300x199.jpg 300w, https:\/\/steveventures.de\/wp-content\/uploads\/2023\/06\/Skischule-T-HAng.jpg 456w\" sizes=\"auto, (max-width: 300px) 100vw, 300px\" \/><\/figure>\n<\/div>\n\n\n\n<div class=\"wp-block-column is-layout-flow wp-block-column-is-layout-flow\" style=\"flex-basis:33.33%\">\n<figure class=\"wp-block-image size-medium is-style-rounded\"><img loading=\"lazy\" decoding=\"async\" width=\"300\" height=\"200\" src=\"https:\/\/steveventures.de\/wp-content\/uploads\/2023\/06\/Skischule-T-300x200.jpg\" alt=\"\" class=\"wp-image-1915\" srcset=\"https:\/\/steveventures.de\/wp-content\/uploads\/2023\/06\/Skischule-T-300x200.jpg 300w, https:\/\/steveventures.de\/wp-content\/uploads\/2023\/06\/Skischule-T.jpg 455w\" sizes=\"auto, (max-width: 300px) 100vw, 300px\" \/><\/figure>\n<\/div>\n<\/div>\n\n\n\n<p><\/p>\n\n\n\n<p>Die anerkannte Profi-Skischule des Deutschen Skilehrerverbandes bietet Skikurse f\u00fcr Zwergerl, Kinder, Teens und Erwachsene an. Ob Gruppenkurs oder Privatunterricht \u2013 Du hast die Wahl! Im Tegernseer Tal bieten wir die Kurse an den Hirschbergliften und an der Suttenbahn (Spitzing \/ Sutten-Gebiet) von Mitte Dezember bis Mitte M\u00e4rz an.<\/p>\n\n\n\n<p>Mehr Infos unter <a href=\"https:\/\/www.skischule-tegernsee.de\/kurse\/ski-alpin-hirschberg\/\" target=\"_blank\" rel=\"noreferrer noopener\">https:\/\/www.skischule-tegernsee.de\/kurse\/ski-alpin-hirschberg\/<\/a>.<\/p>\n\n\n\n<h3 class=\"wp-block-heading\">1. <strong>Welche Kurse bietet eine Skischule am Tegernsee an?<\/strong><\/h3>\n\n\n\n<p>Die Skischule am Tegernsee bietet eine breite Palette an Kursen f\u00fcr alle Altersgruppen und Erfahrungsstufen an. Vom Anf\u00e4ngerunterricht f\u00fcr Kinder und Erwachsene bis hin zu Fortgeschrittenenkursen und Privatstunden \u2013 die Skischule hilft jedem, seine Technik zu verbessern und mehr Sicherheit auf der Piste zu erlangen. Auch spezielle Kurse wie Snowboard-Unterricht, Langlaufkurse oder gef\u00fchrte Skitouren durch die atemberaubende Landschaft rund um den Tegernsee geh\u00f6ren zum Angebot. F\u00fcr die Kleinsten gibt es oft Kinder-Skikurse mit spielerischen Elementen, die den Einstieg erleichtern.<\/p>\n\n\n\n<h3 class=\"wp-block-heading\">2. <strong>Warum ist die Skischule Tegernsee ideal f\u00fcr Anf\u00e4nger?<\/strong><\/h3>\n\n\n\n<p>Die Skischule am Tegernsee bietet ideale Bedingungen f\u00fcr Anf\u00e4nger, um sicher und mit Freude Skifahren zu lernen. Geschulte Skilehrer vermitteln in kleinen Gruppen oder im Einzelunterricht die Grundlagen des Skifahrens, von der richtigen K\u00f6rperhaltung bis hin zum sicheren Bremsen und Kurvenfahren. Die sanften H\u00e4nge der Region eignen sich perfekt f\u00fcr die ersten Versuche auf Ski, w\u00e4hrend die famili\u00e4re Atmosph\u00e4re daf\u00fcr sorgt, dass sich Neulinge wohlf\u00fchlen. Dar\u00fcber hinaus bieten die Skischulen moderne Ausr\u00fcstung und oft spezielle Anf\u00e4ngerpakete an.<\/p>\n\n\n\n<h3 class=\"wp-block-heading\">3. <strong>Welche Vorteile bietet ein Privatkurs in der Skischule Tegernsee?<\/strong><\/h3>\n\n\n\n<p>Ein Privatkurs in der Skischule am Tegernsee bietet personalisierten Unterricht, bei dem der Skilehrer gezielt auf die individuellen Bed\u00fcrfnisse und Lernziele des Teilnehmers eingehen kann. Dies erm\u00f6glicht schnellere Fortschritte und eine intensivere Betreuung als in Gruppenkursen. Egal ob Anf\u00e4nger oder fortgeschrittener Skifahrer \u2013 im Privatunterricht kann die Technik gezielt verbessert werden, und der Lehrer passt den Kurs an das Tempo und die W\u00fcnsche des Teilnehmers an. Zudem bieten Privatstunden mehr Flexibilit\u00e4t in Bezug auf Zeit und Ort.<\/p>\n","protected":false},"excerpt":{"rendered":"<div class=\"entry-summary\">\nSkischule Tegernsee Allgemein Die anerkannte Profi-Skischule des Deutschen Skilehrerverbandes bietet Skikurse f\u00fcr&hellip;\n<\/div>\n<div class=\"link-more\"><a href=\"https:\/\/steveventures.de\/?page_id=1913\" class=\"more-link\">Continue reading<span class=\"screen-reader-text\"> &ldquo;Skilehrer bei der Skischule Tegernsee&rdquo;<\/span>&hellip;<\/a><\/div>\n","protected":false},"author":2,"featured_media":0,"parent":0,"menu_order":0,"comment_status":"closed","ping_status":"closed","template":"page-template\/_fullwidth.php","meta":{"footnotes":""},"class_list":["post-1913","page","type-page","status-publish","hentry","entry"],"_links":{"self":[{"href":"https:\/\/steveventures.de\/index.php?rest_route=\/wp\/v2\/pages\/1913","targetHints":{"allow":["GET"]}}],"collection":[{"href":"https:\/\/steveventures.de\/index.php?rest_route=\/wp\/v2\/pages"}],"about":[{"href":"https:\/\/steveventures.de\/index.php?rest_route=\/wp\/v2\/types\/page"}],"author":[{"embeddable":true,"href":"https:\/\/steveventures.de\/index.php?rest_route=\/wp\/v2\/users\/2"}],"replies":[{"embeddable":true,"href":"https:\/\/steveventures.de\/index.php?rest_route=%2Fwp%2Fv2%2Fcomments&post=1913"}],"version-history":[{"count":2,"href":"https:\/\/steveventures.de\/index.php?rest_route=\/wp\/v2\/pages\/1913\/revisions"}],"predecessor-version":[{"id":2241,"href":"https:\/\/steveventures.de\/index.php?rest_route=\/wp\/v2\/pages\/1913\/revisions\/2241"}],"wp:attachment":[{"href":"https:\/\/steveventures.de\/index.php?rest_route=%2Fwp%2Fv2%2Fmedia&parent=1913"}],"curies":[{"name":"wp","href":"https:\/\/api.w.org\/{rel}","templated":true}]}}