{"id":1909,"date":"2023-06-24T08:54:49","date_gmt":"2023-06-24T07:54:49","guid":{"rendered":"https:\/\/steveventures.de\/?page_id=1909"},"modified":"2024-10-24T11:34:20","modified_gmt":"2024-10-24T10:34:20","slug":"heimatfuehrer-bei-der-ttt-tegernseer-tal-tourismus","status":"publish","type":"page","link":"https:\/\/steveventures.de\/?page_id=1909","title":{"rendered":"Heimatf\u00fchrer bei der TTT (Tegernseer Tal Tourismus)"},"content":{"rendered":"\n<h3 class=\"wp-block-heading has-text-color\" style=\"color:#25620f\"><strong>Die Heimatf\u00fchrer vom Tegernsee<\/strong><\/h3>\n\n\n\n<h3 class=\"wp-block-heading\"><strong>Heimatf\u00fchrer generell<\/strong><\/h3>\n\n\n\n<figure class=\"wp-block-image size-medium is-resized is-style-rounded\"><img loading=\"lazy\" decoding=\"async\" width=\"300\" height=\"161\" src=\"https:\/\/steveventures.de\/wp-content\/uploads\/2023\/06\/Heimatfuehrer-Intro-Pic-300x161.jpg\" alt=\"\" class=\"wp-image-1900\" style=\"width:300px;height:161px\" srcset=\"https:\/\/steveventures.de\/wp-content\/uploads\/2023\/06\/Heimatfuehrer-Intro-Pic-300x161.jpg 300w, https:\/\/steveventures.de\/wp-content\/uploads\/2023\/06\/Heimatfuehrer-Intro-Pic-1024x549.jpg 1024w, https:\/\/steveventures.de\/wp-content\/uploads\/2023\/06\/Heimatfuehrer-Intro-Pic-768x412.jpg 768w, https:\/\/steveventures.de\/wp-content\/uploads\/2023\/06\/Heimatfuehrer-Intro-Pic.jpg 1463w\" sizes=\"auto, (max-width: 300px) 100vw, 300px\" \/><\/figure>\n\n\n\n<p><\/p>\n\n\n\n<p>Entdecken Sie das Tegernseer Tal mit unseren zertifizierten G\u00e4stef\u00fchrern, die das ganze Jahr \u00fcber ein vielf\u00e4ltiges Angebot an spannenden Touren anbieten. Ob zu Fu\u00df, mit dem Rad oder mit dem Boot &#8211; unsere G\u00e4stef\u00fchrer f\u00fchren Sie zu den interessantesten Pl\u00e4tzen der Region.<\/p>\n\n\n\n<p>Als Botschafter unserer Region verk\u00f6rpern sie die Werte, Traditionen und Natursch\u00f6nheiten der Tegernseer Region.<\/p>\n\n\n\n<p>W\u00e4hlen Sie zwischen Privat- oder Gruppenf\u00fchrungen und begeben Sie sich auf eine gef\u00fchrte Stadt-, Wander-, E-Bike- oder Schneeschuhtour. Die Touren werden sowohl f\u00fcr Einzelpersonen als auch f\u00fcr Gruppen angeboten und bieten ein unvergessliches Erlebnis im Tegernseer Tal.<\/p>\n\n\n\n<p>Mehr Infos unter <a rel=\"noreferrer noopener\" href=\"https:\/\/www.tegernsee.com\/heimatfuehrer\" target=\"_blank\">https:\/\/www.tegernsee.com\/heimatfuehrer<\/a>.<\/p>\n\n\n\n<h3 class=\"wp-block-heading\"><strong>Heimatf\u00fchrer Stefan Hagen<\/strong><\/h3>\n\n\n\n<figure class=\"wp-block-image size-medium is-style-rounded\"><img loading=\"lazy\" decoding=\"async\" width=\"275\" height=\"300\" src=\"https:\/\/steveventures.de\/wp-content\/uploads\/2023\/06\/Heimatfuehrer-Steve-1-275x300.jpg\" alt=\"\" class=\"wp-image-1904\" srcset=\"https:\/\/steveventures.de\/wp-content\/uploads\/2023\/06\/Heimatfuehrer-Steve-1-275x300.jpg 275w, https:\/\/steveventures.de\/wp-content\/uploads\/2023\/06\/Heimatfuehrer-Steve-1.jpg 510w\" sizes=\"auto, (max-width: 275px) 100vw, 275px\" \/><\/figure>\n\n\n\n<p><\/p>\n\n\n\n<p>Seit vielen Jahren pendle ich zwischen meiner fr\u00e4nkischen Heimat, einem internationalen Vertriebsjob und meiner Wahlheimat im Tegernseer Tal. Seit 1998 zieht es mich aufgrund meiner Faszination f\u00fcr die Berge immer mehr in die Tegernseer Gegend. Ob Mountainbiken, Schneeschuhwandern, Skifahren, Segeln, Wandern oder gef\u00fchrte Touren in Bad Wiessee und Rottach, erleben Sie, was das Tegernseer Tal zu bieten hat.<\/p>\n\n\n\n<h4 class=\"wp-block-heading\"><strong>Meine Touren:<\/strong><\/h4>\n\n\n\n<ul class=\"wp-block-list\">\n<li>Gourmet eBike Ausflug<\/li>\n\n\n\n<li>Kleinere Wandertouren in der N\u00e4he des Sees<\/li>\n\n\n\n<li>Krimitour zur Riedersteinkapelle und &#8222;Tod nach dem Schafkopfspiel&#8220;<\/li>\n\n\n\n<li>Bad Wiessee: Damals und heute &#8211; Ein historischer Spaziergang durch die Stadt<\/li>\n\n\n\n<li>Sprachen: Deutsch, Englisch<\/li>\n<\/ul>\n\n\n\n<p>Mehr Infos unter <a rel=\"noreferrer noopener\" href=\"https:\/\/www.tegernsee.com\/heimatfuehrer-stefan-hagen\" target=\"_blank\">https:\/\/www.tegernsee.com\/heimatfuehrer-stefan-hagen. <\/a><\/p>\n\n\n\n<h3 class=\"wp-block-heading\">1. <strong>Was macht ein Heimatf\u00fchrer am Tegernsee?<\/strong><\/h3>\n\n\n\n<p>Ein Heimatf\u00fchrer am Tegernsee bietet gef\u00fchrte Touren an, bei denen Besuchern die Natur, Kultur und Geschichte der Region n\u00e4hergebracht wird. Heimatf\u00fchrer kennen die sch\u00f6nsten Wanderwege, Aussichtspunkte und historischen St\u00e4tten rund um den Tegernsee. Sie vermitteln fundiertes Wissen \u00fcber lokale Traditionen, Flora und Fauna sowie architektonische Highlights und erz\u00e4hlen spannende Anekdoten aus der Vergangenheit. Ob Wanderung, Radtour oder eine kulturelle Entdeckungsreise \u2013 ein Heimatf\u00fchrer sorgt daf\u00fcr, dass G\u00e4ste den Tegernsee und seine Umgebung auf authentische und unvergessliche Weise erleben.<\/p>\n\n\n\n<h3 class=\"wp-block-heading\">2. <strong>Welche Vorteile bietet eine gef\u00fchrte Tour mit einem Heimatf\u00fchrer am Tegernsee?<\/strong><\/h3>\n\n\n\n<p>Eine gef\u00fchrte Tour mit einem Heimatf\u00fchrer bietet zahlreiche Vorteile: Man entdeckt versteckte Orte, die abseits der \u00fcblichen Touristenpfade liegen, und erf\u00e4hrt Hintergrundinformationen, die in keinem Reisef\u00fchrer stehen. Heimatf\u00fchrer passen die Touren individuell an die Interessen und Kondition der Teilnehmer an, sodass sowohl Kulturinteressierte als auch Naturfreunde auf ihre Kosten kommen. Zudem garantieren sie durch ihre Ortskenntnis eine sichere und reibungslose Tour, bei der auch lokale kulinarische K\u00f6stlichkeiten oder traditionelle Feste thematisiert werden k\u00f6nnen.<\/p>\n\n\n\n<h3 class=\"wp-block-heading\">3. <strong>Welche Arten von Touren bieten Heimatf\u00fchrer am Tegernsee an?<\/strong><\/h3>\n\n\n\n<p>Heimatf\u00fchrer am Tegernsee bieten eine Vielzahl von Touren an, die sich an unterschiedliche Interessen und Bed\u00fcrfnisse richten. Dazu geh\u00f6ren historische Stadtf\u00fchrungen durch die malerischen Orte rund um den Tegernsee, Wanderungen durch die atemberaubende Berglandschaft oder spezielle Themenf\u00fchrungen, wie zum Beispiel Kr\u00e4uterwanderungen oder Besuche in lokalen Handwerksbetrieben. Auch kulinarische Touren, bei denen regionale Spezialit\u00e4ten im Vordergrund stehen, sind beliebt. F\u00fcr Familien, Gruppen oder Einzelpersonen lassen sich die Touren individuell gestalten, um den Tegernsee auf die beste Art zu entdecken.<\/p>\n","protected":false},"excerpt":{"rendered":"<div class=\"entry-summary\">\nDie Heimatf\u00fchrer vom Tegernsee Heimatf\u00fchrer generell Entdecken Sie das Tegernseer Tal mit&hellip;\n<\/div>\n<div class=\"link-more\"><a href=\"https:\/\/steveventures.de\/?page_id=1909\" class=\"more-link\">Continue reading<span class=\"screen-reader-text\"> &ldquo;Heimatf\u00fchrer bei der TTT (Tegernseer Tal Tourismus)&rdquo;<\/span>&hellip;<\/a><\/div>\n","protected":false},"author":2,"featured_media":0,"parent":0,"menu_order":0,"comment_status":"closed","ping_status":"closed","template":"page-template\/_fullwidth.php","meta":{"footnotes":""},"class_list":["post-1909","page","type-page","status-publish","hentry","entry"],"_links":{"self":[{"href":"https:\/\/steveventures.de\/index.php?rest_route=\/wp\/v2\/pages\/1909","targetHints":{"allow":["GET"]}}],"collection":[{"href":"https:\/\/steveventures.de\/index.php?rest_route=\/wp\/v2\/pages"}],"about":[{"href":"https:\/\/steveventures.de\/index.php?rest_route=\/wp\/v2\/types\/page"}],"author":[{"embeddable":true,"href":"https:\/\/steveventures.de\/index.php?rest_route=\/wp\/v2\/users\/2"}],"replies":[{"embeddable":true,"href":"https:\/\/steveventures.de\/index.php?rest_route=%2Fwp%2Fv2%2Fcomments&post=1909"}],"version-history":[{"count":2,"href":"https:\/\/steveventures.de\/index.php?rest_route=\/wp\/v2\/pages\/1909\/revisions"}],"predecessor-version":[{"id":2240,"href":"https:\/\/steveventures.de\/index.php?rest_route=\/wp\/v2\/pages\/1909\/revisions\/2240"}],"wp:attachment":[{"href":"https:\/\/steveventures.de\/index.php?rest_route=%2Fwp%2Fv2%2Fmedia&parent=1909"}],"curies":[{"name":"wp","href":"https:\/\/api.w.org\/{rel}","templated":true}]}}