{"id":137,"date":"2021-02-13T17:55:16","date_gmt":"2021-02-13T17:55:16","guid":{"rendered":"http:\/\/staging.lachnerhof.de\/?page_id=137"},"modified":"2024-12-06T15:40:45","modified_gmt":"2024-12-06T14:40:45","slug":"einzelzimmer","status":"publish","type":"page","link":"https:\/\/steveventures.de\/?page_id=137","title":{"rendered":"Gimmicks f\u00fcr die Faema e61 Welt"},"content":{"rendered":"\n<h3 class=\"wp-block-heading has-text-color\" style=\"color:#25620f\"><strong>Exklusive Wandhalterung f\u00fcr Faema Frontglas &#8211; 2 gruppig, bspw. President original \/ e61 &#8211; mit LED Beleuchtung. Einzigartige Einzelst\u00fccke.<\/strong><\/h3>\n\n\n\n<h3 class=\"wp-block-heading\"><strong>Infos und Detailbilder zur Wandhalterung<\/strong><\/h3>\n\n\n\n<figure class=\"wp-block-image size-medium is-style-rounded\"><img decoding=\"async\" src=\"https:\/\/steveventures.de\/wp-content\/uploads\/2023\/06\/PXL_20221206_174743505-300x226.jpg\" alt=\"\" class=\"wp-image-1108\"\/><\/figure>\n\n\n\n<p><\/p>\n\n\n\n<p>Die Einzelfertigungen wurden in Schreiner-Qualit\u00e4t durchgef\u00fchrt, da ich Zugang zu einer Schreinerei und den entsprechenden Maschinen hatte. Das Holz wurde durchgeschw\u00e4rzt. Die LED-Beleuchtung l\u00e4uft mit 3 Batterien, um keine sichtbaren Kabel zu haben.<\/p>\n\n\n\n<p>Die Qualit\u00e4t k\u00f6nnt ihr anhand zahlreicher Bilder sehen. Der Preis ist Verhandlungsbasis \u20ac 200. <\/p>\n\n\n\n<p>Bitte beachtet, dass nur der schwarze Holz Hinterbau verkauft wird, nicht das Glas selbst. Daf\u00fcr m\u00fcsst ihr euch entweder ein Original aus den 60er Jahren besorgen oder ein aktuelles Modell mit Aufkleber verwenden. Die 2-gruppigen Gl\u00e4ser passen auf jeden Fall von den Bohrl\u00f6chern her.<\/p>\n\n\n\n<h4 class=\"wp-block-heading\"><strong>Details Wandhalterung<\/strong><\/h4>\n\n\n\n<div class=\"alignnormal\"><div id=\"metaslider-id-1190\" style=\"max-width: 700px;\" class=\"ml-slider-3-104-0 metaslider metaslider-flex metaslider-1190 ml-slider has-dots-nav ms-theme-highway\" role=\"region\" aria-label=\"Wandhalterung Faema e61 2-Gruppig\" data-height=\"300\" data-width=\"700\">\n    <div id=\"metaslider_container_1190\">\n        <div id=\"metaslider_1190\">\n            <ul class='slides'>\n                <li style=\"display: block; width: 100%;\" class=\"slide-1227 ms-image \" aria-roledescription=\"slide\" data-date=\"2023-06-21 11:46:16\" data-filename=\"PXL_20221207_144924850-scaled-700x300.jpg\" data-slide-type=\"image\"><img loading=\"lazy\" decoding=\"async\" src=\"https:\/\/steveventures.de\/wp-content\/uploads\/2023\/06\/PXL_20221207_144924850-scaled-700x300.jpg\" height=\"300\" width=\"700\" alt=\"\" class=\"slider-1190 slide-1227 msDefaultImage\" title=\"PXL_20221207_144924850\" \/><\/li>\n                <li style=\"display: none; width: 100%;\" class=\"slide-1226 ms-image \" aria-roledescription=\"slide\" data-date=\"2023-06-21 11:46:16\" data-filename=\"PXL_20221207_144927045-scaled-700x300.jpg\" data-slide-type=\"image\"><img loading=\"lazy\" decoding=\"async\" src=\"https:\/\/steveventures.de\/wp-content\/uploads\/2023\/06\/PXL_20221207_144927045-scaled-700x300.jpg\" height=\"300\" width=\"700\" alt=\"\" class=\"slider-1190 slide-1226 msDefaultImage\" title=\"PXL_20221207_144927045\" \/><\/li>\n                <li style=\"display: none; width: 100%;\" class=\"slide-1225 ms-image \" aria-roledescription=\"slide\" data-date=\"2023-06-21 11:46:16\" data-filename=\"PXL_20221207_144933354-scaled-700x300.jpg\" data-slide-type=\"image\"><img loading=\"lazy\" decoding=\"async\" src=\"https:\/\/steveventures.de\/wp-content\/uploads\/2023\/06\/PXL_20221207_144933354-scaled-700x300.jpg\" height=\"300\" width=\"700\" alt=\"\" class=\"slider-1190 slide-1225 msDefaultImage\" title=\"PXL_20221207_144933354\" \/><\/li>\n                <li style=\"display: none; width: 100%;\" class=\"slide-1224 ms-image \" aria-roledescription=\"slide\" data-date=\"2023-06-21 11:46:16\" data-filename=\"PXL_20221207_144940763-scaled-700x300.jpg\" data-slide-type=\"image\"><img loading=\"lazy\" decoding=\"async\" src=\"https:\/\/steveventures.de\/wp-content\/uploads\/2023\/06\/PXL_20221207_144940763-scaled-700x300.jpg\" height=\"300\" width=\"700\" alt=\"\" class=\"slider-1190 slide-1224 msDefaultImage\" title=\"PXL_20221207_144940763\" \/><\/li>\n                <li style=\"display: none; width: 100%;\" class=\"slide-1217 ms-image \" aria-roledescription=\"slide\" data-date=\"2023-06-21 11:46:15\" data-filename=\"PXL_20221207_145430968-scaled-700x300.jpg\" data-slide-type=\"image\"><img loading=\"lazy\" decoding=\"async\" src=\"https:\/\/steveventures.de\/wp-content\/uploads\/2023\/06\/PXL_20221207_145430968-scaled-700x300.jpg\" height=\"300\" width=\"700\" alt=\"\" class=\"slider-1190 slide-1217 msDefaultImage\" title=\"PXL_20221207_145430968\" \/><\/li>\n                <li style=\"display: none; width: 100%;\" class=\"slide-1216 ms-image \" aria-roledescription=\"slide\" data-date=\"2023-06-21 11:46:15\" data-filename=\"WhatsApp-Image-2023-06-21-at-12.35.13-700x300.jpeg\" data-slide-type=\"image\"><img loading=\"lazy\" decoding=\"async\" src=\"https:\/\/steveventures.de\/wp-content\/uploads\/2023\/06\/WhatsApp-Image-2023-06-21-at-12.35.13-700x300.jpeg\" height=\"300\" width=\"700\" alt=\"\" class=\"slider-1190 slide-1216 msDefaultImage\" title=\"WhatsApp Image 2023-06-21 at 12.35.13\" \/><\/li>\n                <li style=\"display: none; width: 100%;\" class=\"slide-1218 ms-image \" aria-roledescription=\"slide\" data-date=\"2023-06-21 11:46:15\" data-filename=\"PXL_20221207_145401480-scaled-700x300.jpg\" data-slide-type=\"image\"><img loading=\"lazy\" decoding=\"async\" src=\"https:\/\/steveventures.de\/wp-content\/uploads\/2023\/06\/PXL_20221207_145401480-scaled-700x300.jpg\" height=\"300\" width=\"700\" alt=\"\" class=\"slider-1190 slide-1218 msDefaultImage\" title=\"PXL_20221207_145401480\" \/><\/li>\n                <li style=\"display: none; width: 100%;\" class=\"slide-1222 ms-image \" aria-roledescription=\"slide\" data-date=\"2023-06-21 11:46:16\" data-filename=\"PXL_20221207_145039743-scaled-700x300.jpg\" data-slide-type=\"image\"><img loading=\"lazy\" decoding=\"async\" src=\"https:\/\/steveventures.de\/wp-content\/uploads\/2023\/06\/PXL_20221207_145039743-scaled-700x300.jpg\" height=\"300\" width=\"700\" alt=\"\" class=\"slider-1190 slide-1222 msDefaultImage\" title=\"PXL_20221207_145039743\" \/><\/li>\n                <li style=\"display: none; width: 100%;\" class=\"slide-1220 ms-image \" aria-roledescription=\"slide\" data-date=\"2023-06-21 11:46:15\" data-filename=\"PXL_20221207_145104428-scaled-700x300.jpg\" data-slide-type=\"image\"><img loading=\"lazy\" decoding=\"async\" src=\"https:\/\/steveventures.de\/wp-content\/uploads\/2023\/06\/PXL_20221207_145104428-scaled-700x300.jpg\" height=\"300\" width=\"700\" alt=\"\" class=\"slider-1190 slide-1220 msDefaultImage\" title=\"PXL_20221207_145104428\" \/><\/li>\n                <li style=\"display: none; width: 100%;\" class=\"slide-1219 ms-image \" aria-roledescription=\"slide\" data-date=\"2023-06-21 11:46:15\" data-filename=\"PXL_20221207_145338142-scaled-700x300.jpg\" data-slide-type=\"image\"><img loading=\"lazy\" decoding=\"async\" src=\"https:\/\/steveventures.de\/wp-content\/uploads\/2023\/06\/PXL_20221207_145338142-scaled-700x300.jpg\" height=\"300\" width=\"700\" alt=\"\" class=\"slider-1190 slide-1219 msDefaultImage\" title=\"PXL_20221207_145338142\" \/><\/li>\n                <li style=\"display: none; width: 100%;\" class=\"slide-1221 ms-image \" aria-roledescription=\"slide\" data-date=\"2023-06-21 11:46:15\" data-filename=\"PXL_20221207_145051479-scaled-700x300.jpg\" data-slide-type=\"image\"><img loading=\"lazy\" decoding=\"async\" src=\"https:\/\/steveventures.de\/wp-content\/uploads\/2023\/06\/PXL_20221207_145051479-scaled-700x300.jpg\" height=\"300\" width=\"700\" alt=\"\" class=\"slider-1190 slide-1221 msDefaultImage\" title=\"PXL_20221207_145051479\" \/><\/li>\n                <li style=\"display: none; width: 100%;\" class=\"slide-1223 ms-image \" aria-roledescription=\"slide\" data-date=\"2023-06-21 11:46:16\" data-filename=\"PXL_20221207_145035422-scaled-700x300.jpg\" data-slide-type=\"image\"><img loading=\"lazy\" decoding=\"async\" src=\"https:\/\/steveventures.de\/wp-content\/uploads\/2023\/06\/PXL_20221207_145035422-scaled-700x300.jpg\" height=\"300\" width=\"700\" alt=\"\" class=\"slider-1190 slide-1223 msDefaultImage\" title=\"PXL_20221207_145035422\" \/><\/li>\n                <li style=\"display: none; width: 100%;\" class=\"slide-1229 ms-image \" aria-roledescription=\"slide\" data-date=\"2023-06-21 11:46:16\" data-filename=\"PXL_20221206_174837066-scaled-700x300.jpg\" data-slide-type=\"image\"><img loading=\"lazy\" decoding=\"async\" src=\"https:\/\/steveventures.de\/wp-content\/uploads\/2023\/06\/PXL_20221206_174837066-scaled-700x300.jpg\" height=\"300\" width=\"700\" alt=\"\" class=\"slider-1190 slide-1229 msDefaultImage\" title=\"PXL_20221206_174837066\" \/><\/li>\n                <li style=\"display: none; width: 100%;\" class=\"slide-1236 ms-image \" aria-roledescription=\"slide\" data-date=\"2023-06-21 11:46:17\" data-filename=\"PXL_20221206_174743505-scaled-700x300.jpg\" data-slide-type=\"image\"><img loading=\"lazy\" decoding=\"async\" src=\"https:\/\/steveventures.de\/wp-content\/uploads\/2023\/06\/PXL_20221206_174743505-scaled-700x300.jpg\" height=\"300\" width=\"700\" alt=\"\" class=\"slider-1190 slide-1236 msDefaultImage\" title=\"PXL_20221206_174743505\" \/><\/li>\n                <li style=\"display: none; width: 100%;\" class=\"slide-1237 ms-image \" aria-roledescription=\"slide\" data-date=\"2023-06-21 11:46:18\" data-filename=\"PXL_20221206_174732040-scaled-700x300.jpg\" data-slide-type=\"image\"><img loading=\"lazy\" decoding=\"async\" src=\"https:\/\/steveventures.de\/wp-content\/uploads\/2023\/06\/PXL_20221206_174732040-scaled-700x300.jpg\" height=\"300\" width=\"700\" alt=\"\" class=\"slider-1190 slide-1237 msDefaultImage\" title=\"PXL_20221206_174732040\" \/><\/li>\n                <li style=\"display: none; width: 100%;\" class=\"slide-1238 ms-image \" aria-roledescription=\"slide\" data-date=\"2023-06-21 11:46:18\" data-filename=\"PXL_20221206_174723907-scaled-700x300.jpg\" data-slide-type=\"image\"><img loading=\"lazy\" decoding=\"async\" src=\"https:\/\/steveventures.de\/wp-content\/uploads\/2023\/06\/PXL_20221206_174723907-scaled-700x300.jpg\" height=\"300\" width=\"700\" alt=\"\" class=\"slider-1190 slide-1238 msDefaultImage\" title=\"PXL_20221206_174723907\" \/><\/li>\n                <li style=\"display: none; width: 100%;\" class=\"slide-1230 ms-image \" aria-roledescription=\"slide\" data-date=\"2023-06-21 11:46:17\" data-filename=\"PXL_20221206_174831278-scaled-700x300.jpg\" data-slide-type=\"image\"><img loading=\"lazy\" decoding=\"async\" src=\"https:\/\/steveventures.de\/wp-content\/uploads\/2023\/06\/PXL_20221206_174831278-scaled-700x300.jpg\" height=\"300\" width=\"700\" alt=\"\" class=\"slider-1190 slide-1230 msDefaultImage\" title=\"PXL_20221206_174831278\" \/><\/li>\n                <li style=\"display: none; width: 100%;\" class=\"slide-1228 ms-image \" aria-roledescription=\"slide\" data-date=\"2023-06-21 11:46:16\" data-filename=\"PXL_20221206_174845564-scaled-700x300.jpg\" data-slide-type=\"image\"><img loading=\"lazy\" decoding=\"async\" src=\"https:\/\/steveventures.de\/wp-content\/uploads\/2023\/06\/PXL_20221206_174845564-scaled-700x300.jpg\" height=\"300\" width=\"700\" alt=\"\" class=\"slider-1190 slide-1228 msDefaultImage\" title=\"PXL_20221206_174845564\" \/><\/li>\n                <li style=\"display: none; width: 100%;\" class=\"slide-1231 ms-image \" aria-roledescription=\"slide\" data-date=\"2023-06-21 11:46:17\" data-filename=\"PXL_20221206_174808702-scaled-700x300.jpg\" data-slide-type=\"image\"><img loading=\"lazy\" decoding=\"async\" src=\"https:\/\/steveventures.de\/wp-content\/uploads\/2023\/06\/PXL_20221206_174808702-scaled-700x300.jpg\" height=\"300\" width=\"700\" alt=\"\" class=\"slider-1190 slide-1231 msDefaultImage\" title=\"PXL_20221206_174808702\" \/><\/li>\n                <li style=\"display: none; width: 100%;\" class=\"slide-1232 ms-image \" aria-roledescription=\"slide\" data-date=\"2023-06-21 11:46:17\" data-filename=\"PXL_20221206_174759947-scaled-700x300.jpg\" data-slide-type=\"image\"><img loading=\"lazy\" decoding=\"async\" src=\"https:\/\/steveventures.de\/wp-content\/uploads\/2023\/06\/PXL_20221206_174759947-scaled-700x300.jpg\" height=\"300\" width=\"700\" alt=\"\" class=\"slider-1190 slide-1232 msDefaultImage\" title=\"PXL_20221206_174759947\" \/><\/li>\n                <li style=\"display: none; width: 100%;\" class=\"slide-1233 ms-image \" aria-roledescription=\"slide\" data-date=\"2023-06-21 11:46:17\" data-filename=\"PXL_20221206_174756000-scaled-700x300.jpg\" data-slide-type=\"image\"><img loading=\"lazy\" decoding=\"async\" src=\"https:\/\/steveventures.de\/wp-content\/uploads\/2023\/06\/PXL_20221206_174756000-scaled-700x300.jpg\" height=\"300\" width=\"700\" alt=\"\" class=\"slider-1190 slide-1233 msDefaultImage\" title=\"PXL_20221206_174756000\" \/><\/li>\n                <li style=\"display: none; width: 100%;\" class=\"slide-1234 ms-image \" aria-roledescription=\"slide\" data-date=\"2023-06-21 11:46:17\" data-filename=\"PXL_20221206_174751707-scaled-700x300.jpg\" data-slide-type=\"image\"><img loading=\"lazy\" decoding=\"async\" src=\"https:\/\/steveventures.de\/wp-content\/uploads\/2023\/06\/PXL_20221206_174751707-scaled-700x300.jpg\" height=\"300\" width=\"700\" alt=\"\" class=\"slider-1190 slide-1234 msDefaultImage\" title=\"PXL_20221206_174751707\" \/><\/li>\n                <li style=\"display: none; width: 100%;\" class=\"slide-1235 ms-image \" aria-roledescription=\"slide\" data-date=\"2023-06-21 11:46:17\" data-filename=\"PXL_20221206_174747183-scaled-700x300.jpg\" data-slide-type=\"image\"><img loading=\"lazy\" decoding=\"async\" src=\"https:\/\/steveventures.de\/wp-content\/uploads\/2023\/06\/PXL_20221206_174747183-scaled-700x300.jpg\" height=\"300\" width=\"700\" alt=\"\" class=\"slider-1190 slide-1235 msDefaultImage\" title=\"PXL_20221206_174747183\" \/><\/li>\n            <\/ul>\n        <\/div>\n        \n    <\/div>\n<\/div><\/div>\n\n\n\n<p><\/p>\n\n\n\n<h4 class=\"wp-block-heading\"><strong>Kunden Bilder<\/strong><\/h4>\n\n\n\n<div class=\"alignnormal\"><div id=\"metaslider-id-1245\" style=\"max-width: 400px;\" class=\"ml-slider-3-104-0 metaslider metaslider-flex metaslider-1245 ml-slider has-dots-nav ms-theme-highway\" role=\"region\" aria-label=\"Wandhalter Faema e61 Kunden Pics\" data-height=\"400\" data-width=\"400\">\n    <div id=\"metaslider_container_1245\">\n        <div id=\"metaslider_1245\">\n            <ul class='slides'>\n                <li style=\"display: block; width: 100%;\" class=\"slide-1246 ms-image \" aria-roledescription=\"slide\" data-date=\"2023-06-21 11:53:00\" data-filename=\"WhatsApp-Image-2023-06-21-at-12.36.36-400x400.jpeg\" data-slide-type=\"image\"><img loading=\"lazy\" decoding=\"async\" src=\"https:\/\/steveventures.de\/wp-content\/uploads\/2023\/06\/WhatsApp-Image-2023-06-21-at-12.36.36-400x400.jpeg\" height=\"400\" width=\"400\" alt=\"\" class=\"slider-1245 slide-1246 msDefaultImage\" title=\"WhatsApp Image 2023-06-21 at 12.36.36\" \/><\/li>\n                <li style=\"display: none; width: 100%;\" class=\"slide-1249 ms-image \" aria-roledescription=\"slide\" data-date=\"2023-06-21 11:53:00\" data-filename=\"bei-Radu-400x400.jpeg\" data-slide-type=\"image\"><img loading=\"lazy\" decoding=\"async\" src=\"https:\/\/steveventures.de\/wp-content\/uploads\/2023\/06\/bei-Radu-400x400.jpeg\" height=\"400\" width=\"400\" alt=\"\" class=\"slider-1245 slide-1249 msDefaultImage\" title=\"bei Radu\" \/><\/li>\n                <li style=\"display: none; width: 100%;\" class=\"slide-1247 ms-image \" aria-roledescription=\"slide\" data-date=\"2023-06-21 11:53:00\" data-filename=\"WhatsApp-Image-2023-06-21-at-12.35.13-1-400x400.jpeg\" data-slide-type=\"image\"><img loading=\"lazy\" decoding=\"async\" src=\"https:\/\/steveventures.de\/wp-content\/uploads\/2023\/06\/WhatsApp-Image-2023-06-21-at-12.35.13-1-400x400.jpeg\" height=\"400\" width=\"400\" alt=\"\" class=\"slider-1245 slide-1247 msDefaultImage\" title=\"WhatsApp Image 2023-06-21 at 12.35.13\" \/><\/li>\n                <li style=\"display: none; width: 100%;\" class=\"slide-1248 ms-image \" aria-roledescription=\"slide\" data-date=\"2023-06-21 11:53:00\" data-filename=\"PXL_20221206_174739603-scaled-400x400.jpg\" data-slide-type=\"image\"><img loading=\"lazy\" decoding=\"async\" src=\"https:\/\/steveventures.de\/wp-content\/uploads\/2023\/06\/PXL_20221206_174739603-scaled-400x400.jpg\" height=\"400\" width=\"400\" alt=\"\" class=\"slider-1245 slide-1248 msDefaultImage\" title=\"PXL_20221206_174739603\" \/><\/li>\n            <\/ul>\n        <\/div>\n        \n    <\/div>\n<\/div><\/div>\n\n\n\n<h2 class=\"wp-block-heading\">1. <strong>Was macht die Faema E61 so besonders im Vergleich zu anderen Espressomaschinen?<\/strong><\/h2>\n\n\n\n<p>Die Faema E61 ist eine der ikonischsten Espressomaschinen der Geschichte, die 1961 auf den Markt kam. Ihr einzigartiges thermosyphonisches Zirkulationssystem sorgt f\u00fcr eine konstante Br\u00fchtemperatur, was zu einer optimalen Espressoqualit\u00e4t f\u00fchrt. Sie war die erste Maschine, die eine Pumpe statt eines Hebels verwendete, was die Bedienung deutlich vereinfachte. Dank ihres zeitlosen Designs und der robusten Bauweise ist die Faema E61 sowohl bei Baristas als auch bei Kaffeeliebhabern sehr beliebt.<\/p>\n\n\n\n<h3 class=\"wp-block-heading\">2. <strong>Warum ist die Faema E61 Originalmaschine eine Investition wert?<\/strong><\/h3>\n\n\n\n<p>Die Faema E61 Originalmaschine aus den 60er Jahren gilt als Meilenstein in der Welt der Espressomaschinen. Sie kombiniert herausragende Qualit\u00e4t mit langlebiger Technik. Dank ihres innovativen Pumpensystems und der F\u00e4higkeit, konstant hochwertigen Espresso zu liefern, bleibt sie eine begehrte Wahl f\u00fcr Sammler und Barista-Profis. Dar\u00fcber hinaus ist der Wiederverkaufswert von gut erhaltenen Modellen oft hoch, was sie zu einer langfristigen Investition macht.<\/p>\n\n\n\n<h3 class=\"wp-block-heading\">3. <strong>Welche Vorteile bietet die Restaurierung einer originalen Faema E61 Espressomaschine?<\/strong><\/h3>\n\n\n\n<p>Eine restaurierte Faema E61 aus den 60ern kann den Charme und die Qualit\u00e4t der klassischen Espressomaschine mit modernen technischen Upgrades verbinden. Durch eine fachgerechte Restaurierung k\u00f6nnen alte Maschinen wieder auf H\u00f6chstleistung gebracht werden, ohne den authentischen Charakter zu verlieren. Restaurierte Modelle bieten somit den Vorteil von Nostalgie, kombiniert mit der Funktionalit\u00e4t neuerer Maschinen, was sie sowohl f\u00fcr den gewerblichen Einsatz als auch f\u00fcr den privaten Gebrauch attraktiv macht.<\/p>\n\n\n\n<p><\/p>\n","protected":false},"excerpt":{"rendered":"<div class=\"entry-summary\">\nExklusive Wandhalterung f\u00fcr Faema Frontglas &#8211; 2 gruppig, bspw. President original \/&hellip;\n<\/div>\n<div class=\"link-more\"><a href=\"https:\/\/steveventures.de\/?page_id=137\" class=\"more-link\">Continue reading<span class=\"screen-reader-text\"> &ldquo;Gimmicks f\u00fcr die Faema e61 Welt&rdquo;<\/span>&hellip;<\/a><\/div>\n","protected":false},"author":2,"featured_media":0,"parent":0,"menu_order":0,"comment_status":"closed","ping_status":"closed","template":"page-template\/_fullwidth.php","meta":{"footnotes":""},"class_list":["post-137","page","type-page","status-publish","hentry","entry"],"_links":{"self":[{"href":"https:\/\/steveventures.de\/index.php?rest_route=\/wp\/v2\/pages\/137","targetHints":{"allow":["GET"]}}],"collection":[{"href":"https:\/\/steveventures.de\/index.php?rest_route=\/wp\/v2\/pages"}],"about":[{"href":"https:\/\/steveventures.de\/index.php?rest_route=\/wp\/v2\/types\/page"}],"author":[{"embeddable":true,"href":"https:\/\/steveventures.de\/index.php?rest_route=\/wp\/v2\/users\/2"}],"replies":[{"embeddable":true,"href":"https:\/\/steveventures.de\/index.php?rest_route=%2Fwp%2Fv2%2Fcomments&post=137"}],"version-history":[{"count":15,"href":"https:\/\/steveventures.de\/index.php?rest_route=\/wp\/v2\/pages\/137\/revisions"}],"predecessor-version":[{"id":2448,"href":"https:\/\/steveventures.de\/index.php?rest_route=\/wp\/v2\/pages\/137\/revisions\/2448"}],"wp:attachment":[{"href":"https:\/\/steveventures.de\/index.php?rest_route=%2Fwp%2Fv2%2Fmedia&parent=137"}],"curies":[{"name":"wp","href":"https:\/\/api.w.org\/{rel}","templated":true}]}}